{"id":52805,"date":"2024-01-23T17:00:58","date_gmt":"2024-01-23T17:00:58","guid":{"rendered":"https:\/\/savanta.com\/eu\/san-francisco-market-research-office-2\/"},"modified":"2024-01-29T21:29:01","modified_gmt":"2024-01-29T21:29:01","slug":"empresa-lider-en-investigacion-de-mercados","status":"publish","type":"page","link":"https:\/\/savanta.com\/eu\/empresa-lider-en-investigacion-de-mercados\/","title":{"rendered":"Savanta Espa\u00f1a: Empresa l\u00edder en investigaci\u00f3n de mercados"},"content":{"rendered":"<div id=\"pl-52805\"  class=\"panel-layout\" ><div id=\"pg-52805-0\"  class=\"panel-grid panel-no-style\" ><div id=\"pgc-52805-0-0\"  class=\"panel-grid-cell\" ><div id=\"panel-52805-0-0-0\" class=\"so-panel widget widget_one-page-navigation-widget panel-first-child\" data-index=\"0\" ><div\n\t\t\t\n\t\t\tclass=\"so-widget-one-page-navigation-widget so-widget-one-page-navigation-widget-default-d75171398898-52805\"\n\t\t\t\n\t\t>\r\n  <div class=\"wrapper-vid-img  sec-space-bottom\">\r\n                    <div class=\"banner-video-img \">\r\n            \r\n            <figure class=\"bg-cover\">\r\n                <div class=\"bg slide-image-up slide-image-up-half\"\r\n                    style=\"background-image: url(https:\/\/savanta.com\/eu\/wp-content\/uploads\/2024\/01\/madrid-spain.jpg.webp);\">\r\n                    <img decoding=\"async\" width=\"1920\" height=\"1280\" src=\"https:\/\/savanta.com\/eu\/wp-content\/uploads\/2024\/01\/madrid-spain.jpg\" class=\"attachment-bigsize size-bigsize\" alt=\"\" \/>                <\/div>\r\n                <div class=\"bg-ani\"><\/div>\r\n            <\/figure>\r\n             <button class=\"button-down-arrow\" >\r\n                <span class=\"txt-down\">Scroll<\/span>\r\n                <span class=\"txt-arrow\"><\/span>\r\n            <\/button>\r\n        <\/div>\r\n                \r\n           \r\n       \r\n \r\n    <\/div>\r\n<\/div><\/div><div id=\"panel-52805-0-0-1\" class=\"so-panel widget widget_full-width-text-widget panel-last-child\" data-index=\"1\" ><div\n\t\t\t\n\t\t\tclass=\"so-widget-full-width-text-widget so-widget-full-width-text-widget-default-d75171398898-52805\"\n\t\t\t\n\t\t> \r\n<div class=\"full-width-text sec-space-90\">\r\n    <div class=\"container\"> \r\n        <h4>Brindamos datos potentes y valiosos a las empresas espa\u00f1olas<\/h4>\n<p>Savanta es una agencia de investigaci\u00f3n de mercados global que ofrece toda su experiencia a clientes en Espa\u00f1a y en toda Europa.<\/p>\n<h4>C\u00f3mo te ayudamos<\/h4>\n<p>Ayudamos a nuestros clientes a tomar mejores decisiones, gracias a la recopilaci\u00f3n de datos internos, combinada con nuestra consultor\u00eda de expertos y an\u00e1lisis de datos.<br \/>\nSi necesitas dise\u00f1o de encuestas, ayuda para acceder a un p\u00fablico objetivo dif\u00edcil de alcanzar o incluso traducciones y codificaci\u00f3n, nuestra tecnolog\u00eda y el equipo de especialistas que tenemos trabajando en nuestras oficinas te proporcionar\u00e1n datos de investigaci\u00f3n de mercados \u00fatiles y de confianza. Le daremos al trabajo de campo de tu investigaci\u00f3n la ventaja competitiva que necesita.<\/p>\n<p>Nuestros servicios de investigaci\u00f3n de mercados incluyen:<\/p>\n<ul>\n<li style=\"list-style-type: none;\">\n<ul>\n<li>Paneles y visualizaci\u00f3n de datos<\/li>\n<li>Procesamiento de datos<\/li>\n<li>Acceso al p\u00fablico objetivo<\/li>\n<li>Traducciones y codificaci\u00f3n<\/li>\n<li>Dise\u00f1o de encuestas<\/li>\n<li>Programaci\u00f3n y alojamiento de encuestas<\/li>\n<li>T\u00e9cnicas avanzadas de an\u00e1lisis estad\u00edstico<\/li>\n<\/ul>\n<\/li>\n<\/ul>\n<p>Adem\u00e1s de nuestros servicios de estudios de mercados en Espa\u00f1a, ofrecemos nuestros servicios y productos a escala internacional, con clientes en todo el mundo y oficinas en Londres (Reino Unido), Nueva York (EE. UU.) y Toronto (Canad\u00e1).<br \/>\n\u00a1Ponte en contacto con uno de nuestros expertos completando el formulario a continuaci\u00f3n!<\/p>\n<p><iframe loading=\"lazy\" style=\"border: 0 id=;\" src=\"https:\/\/info.savanta.com\/l\/1038663\/2023-10-30\/98qs31\" width=\"100%\" height=\"1000\" frameborder=\"0\" scrolling=\"no\"><\/iframe><br \/>\n<script type=\"text\/javascript\">\nvar iframe = document.getElementById('mcaeformiframe');\niframe.src = iframe.src + window.location.search;\n<\/script><\/p>\n \r\n    <\/div>\r\n<\/div> \r\n<\/div><\/div><\/div><\/div><\/div>","protected":false},"excerpt":{"rendered":"<p>Scroll Brindamos datos potentes y valiosos a las empresas espa\u00f1olas Savanta es una agencia de investigaci\u00f3n de mercados global que ofrece toda su experiencia a clientes en Espa\u00f1a y en toda Europa. C\u00f3mo te ayudamos Ayudamos a nuestros clientes a tomar mejores decisiones, gracias a la recopilaci\u00f3n de datos internos, combinada con nuestra consultor\u00eda de expertos y an\u00e1lisis de datos. Si necesitas dise\u00f1o de encuestas, ayuda para acceder a un p\u00fablico objetivo dif\u00edcil de alcanzar o incluso traducciones y codificaci\u00f3n, nuestra tecnolog\u00eda y el equipo de especialistas que tenemos trabajando en nuestras oficinas te proporcionar\u00e1n datos de investigaci\u00f3n de mercados \u00fatiles y de confianza. Le daremos al trabajo de campo de tu investigaci\u00f3n la ventaja competitiva que necesita. Nuestros servicios de investigaci\u00f3n de mercados incluyen: Paneles y visualizaci\u00f3n de datos Procesamiento de datos Acceso al p\u00fablico objetivo Traducciones y codificaci\u00f3n Dise\u00f1o de encuestas Programaci\u00f3n y alojamiento de encuestas T\u00e9cnicas avanzadas de an\u00e1lisis estad\u00edstico Adem\u00e1s de nuestros servicios de estudios de mercados en Espa\u00f1a, ofrecemos nuestros servicios y productos a escala internacional, con clientes en todo el mundo y oficinas en Londres (Reino Unido), Nueva York (EE. UU.) y Toronto (Canad\u00e1). \u00a1Ponte en contacto con uno de nuestros expertos completando el formulario a continuaci\u00f3n!<\/p>\n","protected":false},"author":17,"featured_media":0,"parent":0,"menu_order":0,"comment_status":"closed","ping_status":"closed","template":"","meta":{"content-type":"","footnotes":""},"class_list":["post-52805","page","type-page","status-publish","hentry"],"acf":[],"aioseo_notices":[],"_links":{"self":[{"href":"https:\/\/savanta.com\/eu\/wp-json\/wp\/v2\/pages\/52805","targetHints":{"allow":["GET"]}}],"collection":[{"href":"https:\/\/savanta.com\/eu\/wp-json\/wp\/v2\/pages"}],"about":[{"href":"https:\/\/savanta.com\/eu\/wp-json\/wp\/v2\/types\/page"}],"author":[{"embeddable":true,"href":"https:\/\/savanta.com\/eu\/wp-json\/wp\/v2\/users\/17"}],"replies":[{"embeddable":true,"href":"https:\/\/savanta.com\/eu\/wp-json\/wp\/v2\/comments?post=52805"}],"version-history":[{"count":0,"href":"https:\/\/savanta.com\/eu\/wp-json\/wp\/v2\/pages\/52805\/revisions"}],"wp:attachment":[{"href":"https:\/\/savanta.com\/eu\/wp-json\/wp\/v2\/media?parent=52805"}],"curies":[{"name":"wp","href":"https:\/\/api.w.org\/{rel}","templated":true}]}}